{"id":268,"date":"2021-06-17T12:18:34","date_gmt":"2021-06-17T12:18:34","guid":{"rendered":"https:\/\/green-travel-check.com\/impressum\/"},"modified":"2021-11-12T15:50:31","modified_gmt":"2021-11-12T15:50:31","slug":"impressum","status":"publish","type":"page","link":"https:\/\/green-travel-check.com\/en\/impressum\/","title":{"rendered":"Impressum"},"content":{"rendered":"<div data-elementor-type=\"wp-page\" data-elementor-id=\"268\" class=\"elementor elementor-268\" data-elementor-post-type=\"page\">\n\t\t\t\t\t\t<section class=\"elementor-section elementor-top-section elementor-element elementor-element-5aa93d7c elementor-section-full_width elementor-section-height-min-height elementor-section-items-stretch elementor-section-content-bottom elementor-section-height-default\" data-id=\"5aa93d7c\" data-element_type=\"section\" data-e-type=\"section\">\n\t\t\t\t\t\t<div class=\"elementor-container elementor-column-gap-no\">\n\t\t\t\t\t<div class=\"elementor-column elementor-col-50 elementor-top-column elementor-element elementor-element-2670b206\" data-id=\"2670b206\" data-element_type=\"column\" data-e-type=\"column\" data-settings=\"{&quot;background_background&quot;:&quot;classic&quot;}\">\n\t\t\t<div class=\"elementor-widget-wrap elementor-element-populated\">\n\t\t\t\t\t\t<div class=\"elementor-element elementor-element-6c2960d9 elementor-widget elementor-widget-heading\" data-id=\"6c2960d9\" data-element_type=\"widget\" data-e-type=\"widget\" data-widget_type=\"heading.default\">\n\t\t\t\t<div class=\"elementor-widget-container\">\n\t\t\t\t\t<h1 class=\"elementor-heading-title elementor-size-default\">Impressum<\/h1>\t\t\t\t<\/div>\n\t\t\t\t<\/div>\n\t\t\t\t<div class=\"elementor-element elementor-element-51a652e3 elementor-widget elementor-widget-heading\" data-id=\"51a652e3\" data-element_type=\"widget\" data-e-type=\"widget\" data-widget_type=\"heading.default\">\n\t\t\t\t<div class=\"elementor-widget-container\">\n\t\t\t\t\t<h6 class=\"elementor-heading-title elementor-size-default\">Green Travel Check<\/h6>\t\t\t\t<\/div>\n\t\t\t\t<\/div>\n\t\t\t\t\t<\/div>\n\t\t<\/div>\n\t\t\t\t<div class=\"elementor-column elementor-col-50 elementor-top-column elementor-element elementor-element-62fdc586\" data-id=\"62fdc586\" data-element_type=\"column\" data-e-type=\"column\">\n\t\t\t<div class=\"elementor-widget-wrap elementor-element-populated\">\n\t\t\t\t\t\t<div class=\"elementor-element elementor-element-12ecd7e9 elementor-widget elementor-widget-image\" data-id=\"12ecd7e9\" data-element_type=\"widget\" data-e-type=\"widget\" data-widget_type=\"image.default\">\n\t\t\t\t<div class=\"elementor-widget-container\">\n\t\t\t\t\t\t\t\t\t\t\t\t\t\t\t<img fetchpriority=\"high\" decoding=\"async\" width=\"1024\" height=\"682\" src=\"https:\/\/green-travel-check.com\/wp-content\/uploads\/2021\/11\/APT-Kimberly-Wilderness-Adventures-Advanced-Ecotourism-Bungle-Bungle-National-Park-WA-3-002-1024x682-1.jpg\" class=\"attachment-full size-full wp-image-753\" alt=\"\" srcset=\"https:\/\/green-travel-check.com\/wp-content\/uploads\/2021\/11\/APT-Kimberly-Wilderness-Adventures-Advanced-Ecotourism-Bungle-Bungle-National-Park-WA-3-002-1024x682-1.jpg 1024w, https:\/\/green-travel-check.com\/wp-content\/uploads\/2021\/11\/APT-Kimberly-Wilderness-Adventures-Advanced-Ecotourism-Bungle-Bungle-National-Park-WA-3-002-1024x682-1-300x200.jpg 300w, https:\/\/green-travel-check.com\/wp-content\/uploads\/2021\/11\/APT-Kimberly-Wilderness-Adventures-Advanced-Ecotourism-Bungle-Bungle-National-Park-WA-3-002-1024x682-1-768x512.jpg 768w\" sizes=\"(max-width: 1024px) 100vw, 1024px\" \/>\t\t\t\t\t\t\t\t\t\t\t\t\t\t\t<\/div>\n\t\t\t\t<\/div>\n\t\t\t\t\t<\/div>\n\t\t<\/div>\n\t\t\t\t\t<\/div>\n\t\t<\/section>\n\t\t\t\t<section class=\"elementor-section elementor-top-section elementor-element elementor-element-b65ba9a elementor-section-full_width elementor-section-height-default elementor-section-height-default\" data-id=\"b65ba9a\" data-element_type=\"section\" data-e-type=\"section\">\n\t\t\t\t\t\t<div class=\"elementor-container elementor-column-gap-no\">\n\t\t\t\t\t<div class=\"elementor-column elementor-col-100 elementor-top-column elementor-element elementor-element-338a2160\" data-id=\"338a2160\" data-element_type=\"column\" data-e-type=\"column\">\n\t\t\t<div class=\"elementor-widget-wrap elementor-element-populated\">\n\t\t\t\t\t\t<div class=\"elementor-element elementor-element-a8d56ba elementor-widget elementor-widget-text-editor\" data-id=\"a8d56ba\" data-element_type=\"widget\" data-e-type=\"widget\" data-widget_type=\"text-editor.default\">\n\t\t\t\t<div class=\"elementor-widget-container\">\n\t\t\t\t\t\t\t\t\t<h6>Green Travel Check ist ein vom Bundesministerium f\u00fcr Bildung und Forschung gef\u00f6rdertes Gemeinschaftsprojekt folgender Teilnehmer:<\/h6><ul><li>Leuphana Universit\u00e4t L\u00fcneburg<\/li><li>travel bridge GmbH<\/li><li>forum anders reisen e.V.<\/li><li>Planet 4 People Inc.<\/li><\/ul>\t\t\t\t\t\t\t\t<\/div>\n\t\t\t\t<\/div>\n\t\t\t\t<div class=\"elementor-element elementor-element-30082c96 elementor-widget elementor-widget-text-editor\" data-id=\"30082c96\" data-element_type=\"widget\" data-e-type=\"widget\" data-widget_type=\"text-editor.default\">\n\t\t\t\t<div class=\"elementor-widget-container\">\n\t\t\t\t\t\t\t\t\t<h4>Verantwortlich nach Telemediengesetz (TMG)<\/h4>\n<p>travel bridge GmbH<\/p>\n<p>Am B\u00fcschelchen 12<br>34596 Bad Zwesten<\/p>\n<p>Tel.: +49 (0)5626 921 89 76<br>Fax: +49 (0)5626 921 89 77<br>E-Mail: <span id=\"cloak1dd388ce872902a26d67c70cb0fadace\"><a href=\"mailto:info@travel-bridge.com\">info@travel-bridge.com<\/a><\/span><\/p>\n<p>Gesch\u00e4ftsf\u00fchrer:<\/p>\n<p>Stephan Busch<br>USt-IdNr.: DE200519588<\/p>\n<h3>Technische Realisation \/ Konzeption &amp; Gestaltung<\/h3>\n<p>Stephan Busch<\/p><p>travel bridge GmbH<br>Am B\u00fcschelchen 12<br>34596 Bad Zwesten<\/p>\n<h3>Sitz der Gesellschaft<\/h3>\n<p>Am B\u00fcschelchen 12<br>D &#8211; 34596 Bad Zwesten<\/p>\n<p>Eingetragen im Handelsregister des Amtsgericht Fritzlar: Registerblatt HRB 12050<\/p>\n<h3>Office:<\/h3>\n<p>Postfach 1142<br>D &#8211; 34594 Bad Zwesten<br>Tel.: +49 (0)5626 921 89 76<br>Fax: +49 (0)5626 921 89 77<br>E-Mail: <span id=\"cloak1dd388ce872902a26d67c70cb0fadace\"><a href=\"mailto:info@travel-bridge.com\">info@travel-bridge.com<\/a><\/span><\/p>\n<h3><span style=\"color: inherit; font-family: inherit; font-size: 1.5rem; letter-spacing: 0px;\">Verantwortliche Person f\u00fcr den Inhalt dieser Website:<\/span><\/h3>\n<p>Stephan Busch (Gesch\u00e4ftsf\u00fchrer travel-bridge GmbH)<br>Postfach 1142<br>D &#8211; 34594 Bad Zwesten<br>Tel.: +49 (0)5626 921 89 76<br>Fax: +49 (0)5626 921 89 77<br>E-Mail: <span id=\"cloak2e14c7f89c293af9b7795e44dccd204f\"><a href=\"mailto:info@travel-bridge.com\">info@travel-bridge.com<\/a><\/span><\/p>\n<p>Wir \u00fcbernehmen keine Verantwortung f\u00fcr den Text, noch Inhalt von Websites, die auf dieser Homepage verlinkt wurden.<\/p>\n<p>Webdesign: Stephan Busch<\/p>\n<h4>Copyright-Hinweis:<\/h4>\n<p>Alle Texte die verwendet werden, sind urheberrechtlich gesch\u00fctzt. Alle Texte werden f\u00fcr den pers\u00f6nlichen Gebrauch des Nutzers und seine Mitarbeiter nur gemeint. Um auf den Inhalt dieser Seite an Dritte ist untersagt. Nachdruck, fotomechanische, elektronische oder andere Wege der Vervielf\u00e4ltigung, Bearbeitung, \u00dcbersetzung, Mikroverfilmungen und die Einspeicherung, macht der \u00d6ffentlichkeit zur Verf\u00fcgung, die Integration in Datenbanken oder anderen elektronischen Medien und Systemen &#8211; auch in Teilen nur erlaubt aftera consentby den Betreiber der Homepage geschrieben .<\/p>\n<h4>Haftungsausschluss:<\/h4>\n<p>F\u00fcr den Inhalt der Texte sind nach bestem Wissen geschrieben worden. Es wird keine Haftung oder Verantwortung f\u00fcr die Richtigkeit, Aktualit\u00e4t, Vollst\u00e4ndigkeit und Qualit\u00e4t der Inhalte \u00fcbernommen.<\/p>\t\t\t\t\t\t\t\t<\/div>\n\t\t\t\t<\/div>\n\t\t\t\t\t<\/div>\n\t\t<\/div>\n\t\t\t\t\t<\/div>\n\t\t<\/section>\n\t\t\t\t<section class=\"elementor-section elementor-top-section elementor-element elementor-element-f870799 elementor-section-boxed elementor-section-height-default elementor-section-height-default\" data-id=\"f870799\" data-element_type=\"section\" data-e-type=\"section\">\n\t\t\t\t\t\t<div class=\"elementor-container elementor-column-gap-default\">\n\t\t\t\t\t<div class=\"elementor-column elementor-col-100 elementor-top-column elementor-element elementor-element-a180722\" data-id=\"a180722\" data-element_type=\"column\" data-e-type=\"column\">\n\t\t\t<div class=\"elementor-widget-wrap elementor-element-populated\">\n\t\t\t\t\t\t<div class=\"elementor-element elementor-element-4a54dc0 elementor-widget elementor-widget-image\" data-id=\"4a54dc0\" data-element_type=\"widget\" data-e-type=\"widget\" data-widget_type=\"image.default\">\n\t\t\t\t<div class=\"elementor-widget-container\">\n\t\t\t\t\t\t\t\t\t\t\t\t\t\t\t<img decoding=\"async\" src=\"https:\/\/green-travel-check.com\/wp-content\/uploads\/elementor\/thumbs\/BMBF_gefordert-vom_deutsch-pssc5ctumgonhkxt5c75xoqbw7rcf45f7nehfj91ji.jpg\" title=\"BMBF_gef\u00f6rdert vom_deutsch\" alt=\"BMBF_gef\u00f6rdert vom_deutsch\" loading=\"lazy\" \/>\t\t\t\t\t\t\t\t\t\t\t\t\t\t\t<\/div>\n\t\t\t\t<\/div>\n\t\t\t\t\t<\/div>\n\t\t<\/div>\n\t\t\t\t\t<\/div>\n\t\t<\/section>\n\t\t\t\t<\/div>","protected":false},"excerpt":{"rendered":"<p>Impressum Green Travel Check Green Travel Check ist ein vom Bundesministerium f\u00fcr Bildung und Forschung gef\u00f6rdertes Gemeinschaftsprojekt folgender Teilnehmer: Leuphana Universit\u00e4t L\u00fcneburg travel bridge GmbH forum anders reisen e.V. Planet 4 People Inc. Verantwortlich nach Telemediengesetz (TMG) travel bridge GmbH Am B\u00fcschelchen 1234596 Bad Zwesten Tel.: +49 (0)5626 921 89 76Fax: +49 (0)5626 921 89 [&hellip;]<\/p>\n","protected":false},"author":1,"featured_media":0,"parent":0,"menu_order":0,"comment_status":"closed","ping_status":"closed","template":"","meta":{"_acf_changed":false,"footnotes":""},"class_list":["post-268","page","type-page","status-publish","hentry"],"acf":[],"_links":{"self":[{"href":"https:\/\/green-travel-check.com\/en\/wp-json\/wp\/v2\/pages\/268","targetHints":{"allow":["GET"]}}],"collection":[{"href":"https:\/\/green-travel-check.com\/en\/wp-json\/wp\/v2\/pages"}],"about":[{"href":"https:\/\/green-travel-check.com\/en\/wp-json\/wp\/v2\/types\/page"}],"author":[{"embeddable":true,"href":"https:\/\/green-travel-check.com\/en\/wp-json\/wp\/v2\/users\/1"}],"replies":[{"embeddable":true,"href":"https:\/\/green-travel-check.com\/en\/wp-json\/wp\/v2\/comments?post=268"}],"version-history":[{"count":56,"href":"https:\/\/green-travel-check.com\/en\/wp-json\/wp\/v2\/pages\/268\/revisions"}],"predecessor-version":[{"id":779,"href":"https:\/\/green-travel-check.com\/en\/wp-json\/wp\/v2\/pages\/268\/revisions\/779"}],"wp:attachment":[{"href":"https:\/\/green-travel-check.com\/en\/wp-json\/wp\/v2\/media?parent=268"}],"curies":[{"name":"wp","href":"https:\/\/api.w.org\/{rel}","templated":true}]}}