{"id":260,"date":"2021-06-17T12:18:16","date_gmt":"2021-06-17T12:18:16","guid":{"rendered":"https:\/\/green-travel-check.com\/home\/"},"modified":"2022-03-02T10:20:29","modified_gmt":"2022-03-02T10:20:29","slug":"home","status":"publish","type":"page","link":"https:\/\/green-travel-check.com\/en\/home\/","title":{"rendered":"Home"},"content":{"rendered":"<div data-elementor-type=\"wp-page\" data-elementor-id=\"260\" class=\"elementor elementor-260\" data-elementor-post-type=\"page\">\n\t\t\t\t\t\t<section class=\"elementor-section elementor-top-section elementor-element elementor-element-8f0b828 elementor-section-full_width elementor-section-height-min-height elementor-section-content-middle elementor-section-height-default elementor-section-items-middle\" data-id=\"8f0b828\" data-element_type=\"section\" data-e-type=\"section\" data-settings=\"{&quot;background_background&quot;:&quot;classic&quot;}\">\n\t\t\t\t\t\t<div class=\"elementor-container elementor-column-gap-default\">\n\t\t\t\t\t<div class=\"elementor-column elementor-col-100 elementor-top-column elementor-element elementor-element-b400e5b\" data-id=\"b400e5b\" data-element_type=\"column\" data-e-type=\"column\">\n\t\t\t<div class=\"elementor-widget-wrap elementor-element-populated\">\n\t\t\t\t\t\t<section class=\"elementor-section elementor-inner-section elementor-element elementor-element-8416045 elementor-section-boxed elementor-section-height-default elementor-section-height-default\" data-id=\"8416045\" data-element_type=\"section\" data-e-type=\"section\">\n\t\t\t\t\t\t<div class=\"elementor-container elementor-column-gap-default\">\n\t\t\t\t\t<div class=\"elementor-column elementor-col-50 elementor-inner-column elementor-element elementor-element-bf12b2d\" data-id=\"bf12b2d\" data-element_type=\"column\" data-e-type=\"column\">\n\t\t\t<div class=\"elementor-widget-wrap elementor-element-populated\">\n\t\t\t\t\t\t<div class=\"elementor-element elementor-element-2c1d918 elementor-widget elementor-widget-heading\" data-id=\"2c1d918\" data-element_type=\"widget\" data-e-type=\"widget\" data-widget_type=\"heading.default\">\n\t\t\t\t<div class=\"elementor-widget-container\">\n\t\t\t\t\t<h1 class=\"elementor-heading-title elementor-size-default\">Nachhaltigkeit auf Reisen<\/h1>\t\t\t\t<\/div>\n\t\t\t\t<\/div>\n\t\t\t\t<div class=\"elementor-element elementor-element-0d27b75 elementor-widget elementor-widget-heading\" data-id=\"0d27b75\" data-element_type=\"widget\" data-e-type=\"widget\" data-widget_type=\"heading.default\">\n\t\t\t\t<div class=\"elementor-widget-container\">\n\t\t\t\t\t<h4 class=\"elementor-heading-title elementor-size-default\">beurteilen und kennzeichnen<\/h4>\t\t\t\t<\/div>\n\t\t\t\t<\/div>\n\t\t\t\t\t<\/div>\n\t\t<\/div>\n\t\t\t\t<div class=\"elementor-column elementor-col-50 elementor-inner-column elementor-element elementor-element-54d78c7\" data-id=\"54d78c7\" data-element_type=\"column\" data-e-type=\"column\">\n\t\t\t<div class=\"elementor-widget-wrap\">\n\t\t\t\t\t\t\t<\/div>\n\t\t<\/div>\n\t\t\t\t\t<\/div>\n\t\t<\/section>\n\t\t\t\t\t<\/div>\n\t\t<\/div>\n\t\t\t\t\t<\/div>\n\t\t<\/section>\n\t\t\t\t<section class=\"elementor-section elementor-top-section elementor-element elementor-element-1e734fa elementor-section-height-min-height elementor-section-boxed elementor-section-height-default elementor-section-items-middle\" data-id=\"1e734fa\" data-element_type=\"section\" data-e-type=\"section\">\n\t\t\t\t\t\t<div class=\"elementor-container elementor-column-gap-default\">\n\t\t\t\t\t<div class=\"elementor-column elementor-col-50 elementor-top-column elementor-element elementor-element-b9ff0d5\" data-id=\"b9ff0d5\" data-element_type=\"column\" data-e-type=\"column\">\n\t\t\t<div class=\"elementor-widget-wrap elementor-element-populated\">\n\t\t\t\t\t\t<div class=\"elementor-element elementor-element-5fd0a30 elementor-widget elementor-widget-heading\" data-id=\"5fd0a30\" data-element_type=\"widget\" data-e-type=\"widget\" data-widget_type=\"heading.default\">\n\t\t\t\t<div class=\"elementor-widget-container\">\n\t\t\t\t\t<h2 class=\"elementor-heading-title elementor-size-default\">Das Green Tourism Projekt <\/h2>\t\t\t\t<\/div>\n\t\t\t\t<\/div>\n\t\t\t\t<div class=\"elementor-element elementor-element-1872c30 elementor-widget elementor-widget-heading\" data-id=\"1872c30\" data-element_type=\"widget\" data-e-type=\"widget\" data-widget_type=\"heading.default\">\n\t\t\t\t<div class=\"elementor-widget-container\">\n\t\t\t\t\t<h2 class=\"elementor-heading-title elementor-size-default\">Worum es geht<\/h2>\t\t\t\t<\/div>\n\t\t\t\t<\/div>\n\t\t\t\t\t<\/div>\n\t\t<\/div>\n\t\t\t\t<div class=\"elementor-column elementor-col-50 elementor-top-column elementor-element elementor-element-603d3b8\" data-id=\"603d3b8\" data-element_type=\"column\" data-e-type=\"column\">\n\t\t\t<div class=\"elementor-widget-wrap elementor-element-populated\">\n\t\t\t\t\t\t<div class=\"elementor-element elementor-element-294a182 elementor-widget elementor-widget-text-editor\" data-id=\"294a182\" data-element_type=\"widget\" data-e-type=\"widget\" data-widget_type=\"text-editor.default\">\n\t\t\t\t<div class=\"elementor-widget-container\">\n\t\t\t\t\t\t\t\t\t<p>Nachhaltigkeit ist in aller Munde \u2013 auch beim Reisen. Doch woran erkennt man eine nachhaltige Urlaubsreise, wenn sie als Paket angeboten wird?<\/p><p>Wir haben ein Beurteilungssystem entwickelt, welches die Reise in allen ihren Bestandteilen nach sozialen, \u00f6konomischen und \u00f6kologischen Kriterien befragt und bewertet. Dabei spielt Naturschutz ebenso eine Rolle, wie wirtschaftlich faires Handeln und respektvoller Umgang mit kulturellen und religi\u00f6sen Traditionen. Wir bewerten die gesamte Reisekette von der Anreise und Mobilit\u00e4t vor Ort \u00fcber die Unterk\u00fcnfte und Verpflegung bis hin zu den Aktivit\u00e4ten und zur Reiseleitung. Viele Aspekte und Entscheidungen liegen in der Hand des organisierenden Veranstalters, so dass wir auch diesen anhand seines Nachhaltigkeitsmanagements in die Bewertung mit einbeziehen.<\/p><p>GreenTourism ist als Projekt daf\u00fcr angetreten Reiseprodukte in all ihrer Komplexit\u00e4t auf ihre Nachhaltigkeit hin zu bewerten und sie anschlie\u00dfend entsprechend zu kennzeichnen. Das ist neu und einzigartig als Ansatz. Im Tourismus gibt es eine Vielzahl an Zertifikaten und Labeln, die einen einzelnen Leistungstr\u00e4ger wie ein Hotel oder einen Veranstalter zertifiziert. Die Zusammenf\u00fchrung mehrerer Reisebestandteile in einem einzigen Modell verbunden mit einem einheitlichen Bewertungs- und Gewichtungsansatz ist ein Novum auf dem Gebiet der Kennzeichnung nachhaltiger Angebote im Tourismus.<\/p>\t\t\t\t\t\t\t\t<\/div>\n\t\t\t\t<\/div>\n\t\t\t\t\t<\/div>\n\t\t<\/div>\n\t\t\t\t\t<\/div>\n\t\t<\/section>\n\t\t\t\t<section class=\"elementor-section elementor-top-section elementor-element elementor-element-671a11a3 elementor-section-height-min-height elementor-section-content-middle elementor-section-full_width elementor-section-items-stretch elementor-reverse-mobile elementor-section-height-default\" data-id=\"671a11a3\" data-element_type=\"section\" data-e-type=\"section\" data-settings=\"{&quot;background_background&quot;:&quot;classic&quot;}\">\n\t\t\t\t\t\t<div class=\"elementor-container elementor-column-gap-default\">\n\t\t\t\t\t<div class=\"elementor-column elementor-col-50 elementor-top-column elementor-element elementor-element-26b5c997\" data-id=\"26b5c997\" data-element_type=\"column\" data-e-type=\"column\" data-settings=\"{&quot;background_background&quot;:&quot;classic&quot;}\">\n\t\t\t<div class=\"elementor-widget-wrap elementor-element-populated\">\n\t\t\t\t\t\t<div class=\"elementor-element elementor-element-2c9ae49 elementor-widget elementor-widget-text-editor\" data-id=\"2c9ae49\" data-element_type=\"widget\" data-e-type=\"widget\" data-widget_type=\"text-editor.default\">\n\t\t\t\t<div class=\"elementor-widget-container\">\n\t\t\t\t\t\t\t\t\tUnser Ziel ist es, ein Modell zur objektiven Beurteilung der Nachhaltigkeit von Urlaubsreisen zu entwickeln, dass sowohl f\u00fcr die Branche als auch f\u00fcr die Reiseg\u00e4ste Orientierung gibt.\t\t\t\t\t\t\t\t<\/div>\n\t\t\t\t<\/div>\n\t\t\t\t<div class=\"elementor-element elementor-element-a322ffe elementor-widget elementor-widget-text-editor\" data-id=\"a322ffe\" data-element_type=\"widget\" data-e-type=\"widget\" data-widget_type=\"text-editor.default\">\n\t\t\t\t<div class=\"elementor-widget-container\">\n\t\t\t\t\t\t\t\t\t<ul><li>Hohe Glaubw\u00fcrdigkeit<\/li><li>Akzeptanz in der Branche<\/li><li>Sichtbarkeit nachhaltiger Reisen<\/li><li>Klare Kommunikation und Orientierung f\u00fcr die Kunden und Kundinnen<\/li><\/ul>\t\t\t\t\t\t\t\t<\/div>\n\t\t\t\t<\/div>\n\t\t\t\t\t<\/div>\n\t\t<\/div>\n\t\t\t\t<div class=\"elementor-column elementor-col-50 elementor-top-column elementor-element elementor-element-3cb92cff\" data-id=\"3cb92cff\" data-element_type=\"column\" data-e-type=\"column\" data-settings=\"{&quot;background_background&quot;:&quot;classic&quot;}\">\n\t\t\t<div class=\"elementor-widget-wrap elementor-element-populated\">\n\t\t\t\t\t\t<div class=\"elementor-element elementor-element-28bf0c1 elementor-widget elementor-widget-spacer\" data-id=\"28bf0c1\" data-element_type=\"widget\" data-e-type=\"widget\" data-widget_type=\"spacer.default\">\n\t\t\t\t<div class=\"elementor-widget-container\">\n\t\t\t\t\t\t\t<div class=\"elementor-spacer\">\n\t\t\t<div class=\"elementor-spacer-inner\"><\/div>\n\t\t<\/div>\n\t\t\t\t\t\t<\/div>\n\t\t\t\t<\/div>\n\t\t\t\t\t<\/div>\n\t\t<\/div>\n\t\t\t\t\t<\/div>\n\t\t<\/section>\n\t\t\t\t<section class=\"elementor-section elementor-top-section elementor-element elementor-element-2f9e9012 elementor-section-content-middle elementor-section-boxed elementor-section-height-default elementor-section-height-default\" data-id=\"2f9e9012\" data-element_type=\"section\" data-e-type=\"section\">\n\t\t\t\t\t\t<div class=\"elementor-container elementor-column-gap-no\">\n\t\t\t\t\t<div class=\"elementor-column elementor-col-50 elementor-top-column elementor-element elementor-element-5da87e9c\" data-id=\"5da87e9c\" data-element_type=\"column\" data-e-type=\"column\">\n\t\t\t<div class=\"elementor-widget-wrap elementor-element-populated\">\n\t\t\t\t\t\t<div class=\"elementor-element elementor-element-646fa6 elementor-widget-divider--view-line elementor-widget elementor-widget-divider\" data-id=\"646fa6\" data-element_type=\"widget\" data-e-type=\"widget\" data-widget_type=\"divider.default\">\n\t\t\t\t<div class=\"elementor-widget-container\">\n\t\t\t\t\t\t\t<div class=\"elementor-divider\">\n\t\t\t<span class=\"elementor-divider-separator\">\n\t\t\t\t\t\t<\/span>\n\t\t<\/div>\n\t\t\t\t\t\t<\/div>\n\t\t\t\t<\/div>\n\t\t\t\t<div class=\"elementor-element elementor-element-38f1fd9c elementor-widget elementor-widget-heading\" data-id=\"38f1fd9c\" data-element_type=\"widget\" data-e-type=\"widget\" data-widget_type=\"heading.default\">\n\t\t\t\t<div class=\"elementor-widget-container\">\n\t\t\t\t\t<h4 class=\"elementor-heading-title elementor-size-default\">Wie funktioniert es?<\/h4>\t\t\t\t<\/div>\n\t\t\t\t<\/div>\n\t\t\t\t\t<\/div>\n\t\t<\/div>\n\t\t\t\t<div class=\"elementor-column elementor-col-50 elementor-top-column elementor-element elementor-element-4c2cc804\" data-id=\"4c2cc804\" data-element_type=\"column\" data-e-type=\"column\">\n\t\t\t<div class=\"elementor-widget-wrap elementor-element-populated\">\n\t\t\t\t\t\t<div class=\"elementor-element elementor-element-69c9f363 elementor-widget elementor-widget-text-editor\" data-id=\"69c9f363\" data-element_type=\"widget\" data-e-type=\"widget\" data-widget_type=\"text-editor.default\">\n\t\t\t\t<div class=\"elementor-widget-container\">\n\t\t\t\t\t\t\t\t\t<p>Reiseveranstalter f\u00fcllen f\u00fcr ihr Reiseangebot einen Online-Fragebogen aus, der pro Reisebaustein Aspekte zur Reiseplanung und zu den Leistungstr\u00e4gern im Hinblick auf \u00f6kologische, soziale und wirtschaftliche Effekte betrachtet. Das reicht vom Reiseveranstalter und seinem Management selbst, \u00fcber die Kundeninformation, die An- und Abreise, die Unterkunft und die Aktivit\u00e4ten bis hin zur Reiseleitung (s. Abbildung der Reisebausteine), je nachdem welche Leistungen Teil des Reiseangebotes sind.<\/p><p>Aus der Beantwortung der Fragen ergibt sich pro Baustein eine Punktzahl, die mit unterschiedlicher Gewichtung in das Gesamturteil der Reise einflie\u00dft.<\/p>\t\t\t\t\t\t\t\t<\/div>\n\t\t\t\t<\/div>\n\t\t\t\t<div class=\"elementor-element elementor-element-5529bb26 elementor-widget elementor-widget-text-editor\" data-id=\"5529bb26\" data-element_type=\"widget\" data-e-type=\"widget\" data-widget_type=\"text-editor.default\">\n\t\t\t\t<div class=\"elementor-widget-container\">\n\t\t\t\t\t\t\t\t\t<div><p>Das Gesamturteil beschreibt den Erf\u00fcllungsgrad \u2013 also zu welchem Anteil die Reise Nachhaltigkeitskriterien erf\u00fcllt. Das Optimum w\u00e4ren 100% der Punkte.<\/p><\/div><div>\u00a0<\/div>\t\t\t\t\t\t\t\t<\/div>\n\t\t\t\t<\/div>\n\t\t\t\t\t<\/div>\n\t\t<\/div>\n\t\t\t\t\t<\/div>\n\t\t<\/section>\n\t\t\t\t<section class=\"elementor-section elementor-top-section elementor-element elementor-element-2750512 elementor-section-boxed elementor-section-height-default elementor-section-height-default\" data-id=\"2750512\" data-element_type=\"section\" data-e-type=\"section\">\n\t\t\t\t\t\t<div class=\"elementor-container elementor-column-gap-default\">\n\t\t\t\t\t<div class=\"elementor-column elementor-col-100 elementor-top-column elementor-element elementor-element-f628a7f\" data-id=\"f628a7f\" data-element_type=\"column\" data-e-type=\"column\">\n\t\t\t<div class=\"elementor-widget-wrap elementor-element-populated\">\n\t\t\t\t\t\t<div class=\"elementor-element elementor-element-df39d99 elementor-widget elementor-widget-image\" data-id=\"df39d99\" data-element_type=\"widget\" data-e-type=\"widget\" data-widget_type=\"image.default\">\n\t\t\t\t<div class=\"elementor-widget-container\">\n\t\t\t\t\t\t\t\t\t\t\t\t\t\t\t<img fetchpriority=\"high\" decoding=\"async\" width=\"800\" height=\"201\" src=\"https:\/\/green-travel-check.com\/wp-content\/uploads\/2022\/03\/Bild1.png\" class=\"attachment-large size-large wp-image-1062\" alt=\"\" srcset=\"https:\/\/green-travel-check.com\/wp-content\/uploads\/2022\/03\/Bild1.png 945w, https:\/\/green-travel-check.com\/wp-content\/uploads\/2022\/03\/Bild1-300x75.png 300w, https:\/\/green-travel-check.com\/wp-content\/uploads\/2022\/03\/Bild1-768x193.png 768w\" sizes=\"(max-width: 800px) 100vw, 800px\" \/>\t\t\t\t\t\t\t\t\t\t\t\t\t\t\t<\/div>\n\t\t\t\t<\/div>\n\t\t\t\t<div class=\"elementor-element elementor-element-6bc61a3 elementor-widget elementor-widget-heading\" data-id=\"6bc61a3\" data-element_type=\"widget\" data-e-type=\"widget\" data-widget_type=\"heading.default\">\n\t\t\t\t<div class=\"elementor-widget-container\">\n\t\t\t\t\t<div class=\"elementor-heading-title elementor-size-default\">Abbildung Reisebausteine (Quelle: Green Tourism Projekt)<\/div>\t\t\t\t<\/div>\n\t\t\t\t<\/div>\n\t\t\t\t\t<\/div>\n\t\t<\/div>\n\t\t\t\t\t<\/div>\n\t\t<\/section>\n\t\t\t\t<section class=\"elementor-section elementor-top-section elementor-element elementor-element-4262751f elementor-section-full_width elementor-section-height-min-height elementor-section-items-stretch elementor-section-content-bottom elementor-section-height-default\" data-id=\"4262751f\" data-element_type=\"section\" data-e-type=\"section\">\n\t\t\t\t\t\t<div class=\"elementor-container elementor-column-gap-no\">\n\t\t\t\t\t<div class=\"elementor-column elementor-col-50 elementor-top-column elementor-element elementor-element-39532b80\" data-id=\"39532b80\" data-element_type=\"column\" data-e-type=\"column\" data-settings=\"{&quot;background_background&quot;:&quot;classic&quot;}\">\n\t\t\t<div class=\"elementor-widget-wrap elementor-element-populated\">\n\t\t\t\t\t\t<div class=\"elementor-element elementor-element-214b0b23 elementor-widget elementor-widget-heading\" data-id=\"214b0b23\" data-element_type=\"widget\" data-e-type=\"widget\" data-widget_type=\"heading.default\">\n\t\t\t\t<div class=\"elementor-widget-container\">\n\t\t\t\t\t<h2 class=\"elementor-heading-title elementor-size-default\">Ganzheitlich Betrachtung der Nachhaltigkeit<\/h2>\t\t\t\t<\/div>\n\t\t\t\t<\/div>\n\t\t\t\t<div class=\"elementor-element elementor-element-66f80a1 elementor-widget elementor-widget-heading\" data-id=\"66f80a1\" data-element_type=\"widget\" data-e-type=\"widget\" data-widget_type=\"heading.default\">\n\t\t\t\t<div class=\"elementor-widget-container\">\n\t\t\t\t\t<h6 class=\"elementor-heading-title elementor-size-default\">Mensch und Umwelt im Einklang<\/h6>\t\t\t\t<\/div>\n\t\t\t\t<\/div>\n\t\t\t\t\t<\/div>\n\t\t<\/div>\n\t\t\t\t<div class=\"elementor-column elementor-col-50 elementor-top-column elementor-element elementor-element-35834b42\" data-id=\"35834b42\" data-element_type=\"column\" data-e-type=\"column\">\n\t\t\t<div class=\"elementor-widget-wrap elementor-element-populated\">\n\t\t\t\t\t\t<div class=\"elementor-element elementor-element-67b46f9e elementor-widget elementor-widget-image\" data-id=\"67b46f9e\" data-element_type=\"widget\" data-e-type=\"widget\" data-widget_type=\"image.default\">\n\t\t\t\t<div class=\"elementor-widget-container\">\n\t\t\t\t\t\t\t\t\t\t\t\t\t\t\t<img decoding=\"async\" width=\"600\" height=\"600\" src=\"https:\/\/green-travel-check.com\/wp-content\/uploads\/2022\/03\/Bild-3-e1646130782966.png\" class=\"attachment-large size-large wp-image-1073\" alt=\"\" \/>\t\t\t\t\t\t\t\t\t\t\t\t\t\t\t<\/div>\n\t\t\t\t<\/div>\n\t\t\t\t\t<\/div>\n\t\t<\/div>\n\t\t\t\t\t<\/div>\n\t\t<\/section>\n\t\t\t\t<section class=\"elementor-section elementor-top-section elementor-element elementor-element-478f8023 elementor-section-boxed elementor-section-height-default elementor-section-height-default\" data-id=\"478f8023\" data-element_type=\"section\" data-e-type=\"section\">\n\t\t\t\t\t\t<div class=\"elementor-container elementor-column-gap-no\">\n\t\t\t\t\t<div class=\"elementor-column elementor-col-100 elementor-top-column elementor-element elementor-element-6b3107b0\" data-id=\"6b3107b0\" data-element_type=\"column\" data-e-type=\"column\">\n\t\t\t<div class=\"elementor-widget-wrap elementor-element-populated\">\n\t\t\t\t\t\t<div class=\"elementor-element elementor-element-50f920f5 elementor-widget elementor-widget-text-editor\" data-id=\"50f920f5\" data-element_type=\"widget\" data-e-type=\"widget\" data-widget_type=\"text-editor.default\">\n\t\t\t\t<div class=\"elementor-widget-container\">\n\t\t\t\t\t\t\t\t\t<p>In dem Modell spielen alle Dimensionen der Nachhaltigkeit eine Rolle, um sowohl \u00f6kologische, wie auch soziale und wirtschaftliche Auswirkungen einer Reise zu betrachten. Zus\u00e4tzlich flie\u00dft die Managementebene, die f\u00fcr Vertr\u00e4ge, faires Miteinander und soziale Vertr\u00e4glichkeit verantwortlich ist, in das Beurteilungsmodell ein. Hier sind Themen wie menschenrechtliche Sorgfalt verankert. Auch die Klimawirkung der Reise wird \u00fcber den CO2-Fu\u00dfabdruck bewertet.<\/p><p><br \/>Bestehende Quellen wie Zertifikate einzelner Leistungstr\u00e4ger werden zur Bewertung herangezogen. Internationalen GSTC-anerkannte Zertifikate gelten als Masterindikatoren, die zur Erreichung der vollen Punktzahl beitragen.<\/p>\t\t\t\t\t\t\t\t<\/div>\n\t\t\t\t<\/div>\n\t\t\t\t\t<\/div>\n\t\t<\/div>\n\t\t\t\t\t<\/div>\n\t\t<\/section>\n\t\t\t\t<section class=\"elementor-section elementor-top-section elementor-element elementor-element-3acbfff1 elementor-section-content-middle elementor-reverse-mobile elementor-section-boxed elementor-section-height-default elementor-section-height-default\" data-id=\"3acbfff1\" data-element_type=\"section\" data-e-type=\"section\">\n\t\t\t\t\t\t<div class=\"elementor-container elementor-column-gap-no\">\n\t\t\t\t\t<div class=\"elementor-column elementor-col-50 elementor-top-column elementor-element elementor-element-581d3e74\" data-id=\"581d3e74\" data-element_type=\"column\" data-e-type=\"column\">\n\t\t\t<div class=\"elementor-widget-wrap elementor-element-populated\">\n\t\t\t\t\t\t<div class=\"elementor-element elementor-element-5731000b elementor-widget elementor-widget-heading\" data-id=\"5731000b\" data-element_type=\"widget\" data-e-type=\"widget\" data-widget_type=\"heading.default\">\n\t\t\t\t<div class=\"elementor-widget-container\">\n\t\t\t\t\t<h4 class=\"elementor-heading-title elementor-size-default\">Wer steht hinter dem Projekt?<\/h4>\t\t\t\t<\/div>\n\t\t\t\t<\/div>\n\t\t\t\t<div class=\"elementor-element elementor-element-3616364c elementor-widget elementor-widget-text-editor\" data-id=\"3616364c\" data-element_type=\"widget\" data-e-type=\"widget\" data-widget_type=\"text-editor.default\">\n\t\t\t\t<div class=\"elementor-widget-container\">\n\t\t\t\t\t\t\t\t\t<p>Der Forschungsverbund besteht aus der <a href=\"https:\/\/www.leuphana.de\/en\/institutes\/imo\/tourism-management\/research-projects\/green-tourism.html\">Leuphana Universit\u00e4t L\u00fcneburg<\/a>, dem <a href=\"https:\/\/forumandersreisen.de\/startseite\/aktuelles\/\">forum anders reisen e.V. \u2013 Verband f\u00fcr nachhaltigen Tourismus<\/a> , <a href=\"https:\/\/planet4people.com\/\">Planet4People Inc.<\/a> und <a href=\"https:\/\/greentravelindex.com\/\">Green Travel Index (Travel Bridge GmbH)<\/a>.<\/p><p>Als Praxispartner unterst\u00fctzen und die Veranstalter Hauser Exkursionen GmbH und Studiosus Reisen M\u00fcnchen GmbH sowie die Reiseveranstalter des forums anders reisen e.V.,<\/p><p>Das Projekt wird gef\u00f6rdert<\/p><p>vom<a href=\"https:\/\/www.fona.de\/en\/measures\/funding-measures\/sustainable-economy.php\"> Bundesministerium f\u00fcr Bildung und Forschung<\/a><\/p>\t\t\t\t\t\t\t\t<\/div>\n\t\t\t\t<\/div>\n\t\t\t\t\t<\/div>\n\t\t<\/div>\n\t\t\t\t<div class=\"elementor-column elementor-col-50 elementor-top-column elementor-element elementor-element-58d1e905\" data-id=\"58d1e905\" data-element_type=\"column\" data-e-type=\"column\">\n\t\t\t<div class=\"elementor-widget-wrap elementor-element-populated\">\n\t\t\t\t\t\t<div class=\"elementor-element elementor-element-197fa2fb elementor-widget__width-auto elementor-widget elementor-widget-image\" data-id=\"197fa2fb\" data-element_type=\"widget\" data-e-type=\"widget\" data-widget_type=\"image.default\">\n\t\t\t\t<div class=\"elementor-widget-container\">\n\t\t\t\t\t\t\t\t\t\t\t\t\t\t\t\t<a href=\"https:\/\/www.fona.de\/en\/measures\/funding-measures\/sustainable-economy.php\" target=\"_blank\">\n\t\t\t\t\t\t\t<img decoding=\"async\" width=\"300\" height=\"213\" src=\"https:\/\/green-travel-check.com\/wp-content\/uploads\/2021\/11\/BMBF_gefordert-vom_deutsch-300x213.jpg\" class=\"attachment-medium size-medium wp-image-715\" alt=\"\" srcset=\"https:\/\/green-travel-check.com\/wp-content\/uploads\/2021\/11\/BMBF_gefordert-vom_deutsch-300x213.jpg 300w, https:\/\/green-travel-check.com\/wp-content\/uploads\/2021\/11\/BMBF_gefordert-vom_deutsch-768x545.jpg 768w, https:\/\/green-travel-check.com\/wp-content\/uploads\/2021\/11\/BMBF_gefordert-vom_deutsch.jpg 881w\" sizes=\"(max-width: 300px) 100vw, 300px\" \/>\t\t\t\t\t\t\t\t<\/a>\n\t\t\t\t\t\t\t\t\t\t\t\t\t\t\t<\/div>\n\t\t\t\t<\/div>\n\t\t\t\t<div class=\"elementor-element elementor-element-f11193f elementor-widget__width-auto elementor-widget elementor-widget-image\" data-id=\"f11193f\" data-element_type=\"widget\" data-e-type=\"widget\" data-widget_type=\"image.default\">\n\t\t\t\t<div class=\"elementor-widget-container\">\n\t\t\t\t\t\t\t\t\t\t\t\t\t\t\t\t<a href=\"https:\/\/www.fona.de\/en\/measures\/funding-measures\/sustainable-economy.php\" target=\"_blank\">\n\t\t\t\t\t\t\t<img loading=\"lazy\" decoding=\"async\" width=\"300\" height=\"192\" src=\"https:\/\/green-travel-check.com\/wp-content\/uploads\/2021\/11\/FONA-Social-Ecological-Research-4C-300x192.jpg\" class=\"attachment-medium size-medium wp-image-709\" alt=\"\" srcset=\"https:\/\/green-travel-check.com\/wp-content\/uploads\/2021\/11\/FONA-Social-Ecological-Research-4C-300x192.jpg 300w, https:\/\/green-travel-check.com\/wp-content\/uploads\/2021\/11\/FONA-Social-Ecological-Research-4C-1024x657.jpg 1024w, https:\/\/green-travel-check.com\/wp-content\/uploads\/2021\/11\/FONA-Social-Ecological-Research-4C-768x493.jpg 768w, https:\/\/green-travel-check.com\/wp-content\/uploads\/2021\/11\/FONA-Social-Ecological-Research-4C.jpg 1143w\" sizes=\"(max-width: 300px) 100vw, 300px\" \/>\t\t\t\t\t\t\t\t<\/a>\n\t\t\t\t\t\t\t\t\t\t\t\t\t\t\t<\/div>\n\t\t\t\t<\/div>\n\t\t\t\t\t<\/div>\n\t\t<\/div>\n\t\t\t\t\t<\/div>\n\t\t<\/section>\n\t\t\t\t<\/div>","protected":false},"excerpt":{"rendered":"<p>Nachhaltigkeit auf Reisen beurteilen und kennzeichnen Das Green Tourism Projekt Worum es geht Nachhaltigkeit ist in aller Munde \u2013 auch beim Reisen. Doch woran erkennt man eine nachhaltige Urlaubsreise, wenn sie als Paket angeboten wird? Wir haben ein Beurteilungssystem entwickelt, welches die Reise in allen ihren Bestandteilen nach sozialen, \u00f6konomischen und \u00f6kologischen Kriterien befragt und [&hellip;]<\/p>\n","protected":false},"author":1,"featured_media":0,"parent":0,"menu_order":0,"comment_status":"closed","ping_status":"closed","template":"","meta":{"_acf_changed":false,"footnotes":""},"class_list":["post-260","page","type-page","status-publish","hentry"],"acf":[],"_links":{"self":[{"href":"https:\/\/green-travel-check.com\/en\/wp-json\/wp\/v2\/pages\/260","targetHints":{"allow":["GET"]}}],"collection":[{"href":"https:\/\/green-travel-check.com\/en\/wp-json\/wp\/v2\/pages"}],"about":[{"href":"https:\/\/green-travel-check.com\/en\/wp-json\/wp\/v2\/types\/page"}],"author":[{"embeddable":true,"href":"https:\/\/green-travel-check.com\/en\/wp-json\/wp\/v2\/users\/1"}],"replies":[{"embeddable":true,"href":"https:\/\/green-travel-check.com\/en\/wp-json\/wp\/v2\/comments?post=260"}],"version-history":[{"count":85,"href":"https:\/\/green-travel-check.com\/en\/wp-json\/wp\/v2\/pages\/260\/revisions"}],"predecessor-version":[{"id":1175,"href":"https:\/\/green-travel-check.com\/en\/wp-json\/wp\/v2\/pages\/260\/revisions\/1175"}],"wp:attachment":[{"href":"https:\/\/green-travel-check.com\/en\/wp-json\/wp\/v2\/media?parent=260"}],"curies":[{"name":"wp","href":"https:\/\/api.w.org\/{rel}","templated":true}]}}