{"id":258,"date":"2021-06-17T12:15:31","date_gmt":"2021-06-17T12:15:31","guid":{"rendered":"https:\/\/green-travel-check.com\/datenquellen-gruener-tourismus\/"},"modified":"2021-06-17T12:15:31","modified_gmt":"2021-06-17T12:15:31","slug":"datenquellen-gruener-tourismus","status":"publish","type":"page","link":"https:\/\/green-travel-check.com\/en\/datenquellen-gruener-tourismus\/","title":{"rendered":"Datenquellen Gr\u00fcner Tourismus"},"content":{"rendered":"<div data-elementor-type=\"wp-page\" data-elementor-id=\"258\" class=\"elementor elementor-258\" data-elementor-post-type=\"page\">\n\t\t\t\t\t\t<section class=\"elementor-section elementor-top-section elementor-element elementor-element-6c4c3b4 elementor-section-boxed elementor-section-height-default elementor-section-height-default\" data-id=\"6c4c3b4\" data-element_type=\"section\" data-e-type=\"section\">\n\t\t\t\t\t\t<div class=\"elementor-container elementor-column-gap-default\">\n\t\t\t\t\t<div class=\"elementor-column elementor-col-100 elementor-top-column elementor-element elementor-element-ef26343\" data-id=\"ef26343\" data-element_type=\"column\" data-e-type=\"column\">\n\t\t\t<div class=\"elementor-widget-wrap elementor-element-populated\">\n\t\t\t\t\t\t<div class=\"elementor-element elementor-element-75a339e elementor-widget elementor-widget-text-editor\" data-id=\"75a339e\" data-element_type=\"widget\" data-e-type=\"widget\" data-widget_type=\"text-editor.default\">\n\t\t\t\t<div class=\"elementor-widget-container\">\n\t\t\t\t\t\t\t\t\t<p><u>Potenzielle Datenquellen (Rangfolge):<\/u><\/p>\n<p><u>\u00a0<\/u><strong>Zertifizierung<\/strong><\/p>\n<ol>\n<li>\n<ol>\n<li>Insb. anwendbar f\u00fcr die Bausteine Reiseveranstalter, Unterkunft und Zielgebietsagentur<\/li>\n<li>Quelle: Datenbank (gti o.\u00e4.)<\/li>\n<\/ol>\n<\/li>\n<li><strong>Externe Datenquellen<\/strong>\n<ol>\n<li>Anwendbar f\u00fcr Indikatoren zu denen externe (Online-)quellen vorhanden sind<\/li>\n<li>Quelle: Datenbanken (atmosfair Emissionsrechner, DJSI etc.)<\/li>\n<\/ol>\n<\/li>\n<li><strong>Light-Zertifizierung durch externes Audit<\/strong>\n<ol>\n<li>Anwendbar f\u00fcr Indikatoren zu Leistungstr\u00e4gern, die keine umfassende Zertifizierung haben<\/li>\n<li>Quelle: Etablierter Zertifizierungsanbieter f\u00fchrt ein komprimiertes Audit bei dem entsprechenden Leistungstr\u00e4ger durch und stellt die Ergebnisse zur Verf\u00fcgung<\/li>\n<\/ol>\n<\/li>\n<li><strong>Eintrag in Datenbank durch Originalquelle<\/strong>\n<ol>\n<li>Anwendbar f\u00fcr Indikatoren zu untergeordneten Leistungstr\u00e4gern (bspw. Unterk\u00fcnfte, Gastronomiebetriebe, Partneragentur, Reiseleiter oder Aktivit\u00e4tenanbieter)<\/li>\n<li>Quelle: Eintragung in Datenbank basierend auf Selbstauskunft des Leistungstr\u00e4gers (bei gti o.\u00e4.). Impuls zum Eintrag durch den Reiseveranstalter<\/li>\n<li>Ziel: Konsekutiver Ausbau der Datenbank<\/li>\n<\/ol>\n<\/li>\n<li><strong>Selbstauskunft<\/strong>\n<ol>\n<li>Anwendbar bei Indikatoren, f\u00fcr die keine objektiven Daten zur Verf\u00fcgung stehen<\/li>\n<li>Quelle: Reiseveranstalter gibt die Daten selbst ein oder gibt die Fragen an den entsprechenden Leistungstr\u00e4ger (vor Ort) weiter<\/li>\n<\/ol>\n<\/li>\n<\/ol>\n<p>In letzter Instanz muss der Veranstalter die entsprechenden Selbstausk\u00fcnfte zu Indikatoren ohne objektive Quellen machen. Es wird jedoch im Prozess alles daran gesetzt, die Daten aus anderweitigen Quellen zu erheben oder die Leistungstr\u00e4ger (vor Ort) zu einer Direkteingabe zu motivieren.<\/p>\n<p>&nbsp;<\/p>\n<p>Die eingesetzten Pr\u00fcfmechanismen zur Sicherung der Glaubw\u00fcrdigkeit sind:<\/p>\n<ol>\n<li>Kundenfeedback (4-5 Fragen im Hauptfragebogen des Veranstalters + 10-15 Fragen in freiwilliger Zusatzbefragung)<\/li>\n<li>Stichprobenartige \u00dcberpr\u00fcfung der Selbstauskunft<\/li>\n<li>Die Bewertung eines Bausteines durch ein Zertifikat erh\u00e4lt eine h\u00f6here Bepunktung als die Summe aller Indikatoren im Rahmen der Selbstauskunft, da eine unabh\u00e4ngige Validierung der Ergebnisse durch Dritte die Qualit\u00e4t der Aussage steigert<\/li>\n<\/ol>\n<p>Eine l\u00fcckenlose \u00dcberpr\u00fcfung der Angaben durch den Reiseveranstalter ist nicht leistbar und wird im Rahmen dieses Projektes daher nicht beabsichtigt.<\/p>\n<p>Langfristig wird eine schrittweise Ersetzung der Indikatoren durch objektive Quellen angestrebt.<\/p>\n<p>F\u00fcr nachweisliche Falschaussagen von Reiseveranstaltern werden entsprechende Sanktionen festgelegt.<\/p>\n\t\t\t\t\t\t\t\t<\/div>\n\t\t\t\t<\/div>\n\t\t\t\t\t<\/div>\n\t\t<\/div>\n\t\t\t\t\t<\/div>\n\t\t<\/section>\n\t\t\t\t<\/div>","protected":false},"excerpt":{"rendered":"<p>Potenzielle Datenquellen (Rangfolge): \u00a0Zertifizierung Insb. anwendbar f\u00fcr die Bausteine Reiseveranstalter, Unterkunft und Zielgebietsagentur Quelle: Datenbank (gti o.\u00e4.) Externe Datenquellen Anwendbar f\u00fcr Indikatoren zu denen externe (Online-)quellen vorhanden sind Quelle: Datenbanken (atmosfair Emissionsrechner, DJSI etc.) Light-Zertifizierung durch externes Audit Anwendbar f\u00fcr Indikatoren zu Leistungstr\u00e4gern, die keine umfassende Zertifizierung haben Quelle: Etablierter Zertifizierungsanbieter f\u00fchrt ein komprimiertes Audit [&hellip;]<\/p>\n","protected":false},"author":1,"featured_media":0,"parent":0,"menu_order":0,"comment_status":"closed","ping_status":"closed","template":"","meta":{"_acf_changed":false,"footnotes":""},"class_list":["post-258","page","type-page","status-publish","hentry"],"acf":[],"_links":{"self":[{"href":"https:\/\/green-travel-check.com\/en\/wp-json\/wp\/v2\/pages\/258","targetHints":{"allow":["GET"]}}],"collection":[{"href":"https:\/\/green-travel-check.com\/en\/wp-json\/wp\/v2\/pages"}],"about":[{"href":"https:\/\/green-travel-check.com\/en\/wp-json\/wp\/v2\/types\/page"}],"author":[{"embeddable":true,"href":"https:\/\/green-travel-check.com\/en\/wp-json\/wp\/v2\/users\/1"}],"replies":[{"embeddable":true,"href":"https:\/\/green-travel-check.com\/en\/wp-json\/wp\/v2\/comments?post=258"}],"version-history":[{"count":1,"href":"https:\/\/green-travel-check.com\/en\/wp-json\/wp\/v2\/pages\/258\/revisions"}],"predecessor-version":[{"id":259,"href":"https:\/\/green-travel-check.com\/en\/wp-json\/wp\/v2\/pages\/258\/revisions\/259"}],"wp:attachment":[{"href":"https:\/\/green-travel-check.com\/en\/wp-json\/wp\/v2\/media?parent=258"}],"curies":[{"name":"wp","href":"https:\/\/api.w.org\/{rel}","templated":true}]}}