{"id":1019,"date":"2022-01-27T15:45:47","date_gmt":"2022-01-27T15:45:47","guid":{"rendered":"https:\/\/green-travel-check.com\/?page_id=1019"},"modified":"2022-01-27T19:05:43","modified_gmt":"2022-01-27T19:05:43","slug":"my-profile","status":"publish","type":"page","link":"https:\/\/green-travel-check.com\/en\/my-profile\/","title":{"rendered":"My Profile"},"content":{"rendered":"\t\t<div data-elementor-type=\"wp-page\" data-elementor-id=\"1019\" class=\"elementor elementor-1019\" data-elementor-post-type=\"page\">\n\t\t\t\t\t\t<section class=\"elementor-section elementor-top-section elementor-element elementor-element-de6a4d9 elementor-section-boxed elementor-section-height-default elementor-section-height-default\" data-id=\"de6a4d9\" data-element_type=\"section\" data-e-type=\"section\">\n\t\t\t\t\t\t<div class=\"elementor-container elementor-column-gap-default\">\n\t\t\t\t\t<div class=\"elementor-column elementor-col-100 elementor-top-column elementor-element elementor-element-426d091\" data-id=\"426d091\" data-element_type=\"column\" data-e-type=\"column\">\n\t\t\t<div class=\"elementor-widget-wrap elementor-element-populated\">\n\t\t\t\t<!-- dce invisible element fa4355d -->\t\t\t<\/div>\n\t\t<\/div>\n\t\t\t\t\t<\/div>\n\t\t<\/section>\n\t\t\t\t<section class=\"elementor-section elementor-top-section elementor-element elementor-element-7b67ec9 elementor-section-boxed elementor-section-height-default elementor-section-height-default\" data-id=\"7b67ec9\" data-element_type=\"section\" data-e-type=\"section\">\n\t\t\t\t\t\t<div class=\"elementor-container elementor-column-gap-default\">\n\t\t\t\t\t<div class=\"elementor-column elementor-col-100 elementor-top-column elementor-element elementor-element-2747b26\" data-id=\"2747b26\" data-element_type=\"column\" data-e-type=\"column\">\n\t\t\t<div class=\"elementor-widget-wrap elementor-element-populated\">\n\t\t\t\t\t\t<div class=\"elementor-element elementor-element-3756003 elementor-widget elementor-widget-shortcode\" data-id=\"3756003\" data-element_type=\"widget\" data-e-type=\"widget\" data-widget_type=\"shortcode.default\">\n\t\t\t\t<div class=\"elementor-widget-container\">\n\t\t\t\t\t\t\t<div class=\"elementor-shortcode\"><div id=\"gv-view-1017-1\" class=\"gv-template-list\">\t\t<div class=\"gv-grid gv-widgets-header gv-widgets-no-results\">\n\t\t\t\t\t\t\t<div class=\"gv-grid-row\">\n\t\t\t\t\t\t\t\t\t<div class=\"gv-grid-col-1-1 gv-left\">\n\t\t\t\t\t\t\n<form class=\"gv-widget-search gv-search-horizontal gv-search-rows\"\n\t  method=\"get\" action=\"https:\/\/green-travel-check.com\/en\/my-profile\/#gv-view-1017-1\"\n\t  data-viewid=\"1017\">\n\t\n\t<div class=\"gv-widget-search-general-search gv-grid\">\n\t\t\t<div class=\"gv-grid-row\">\n\t\t\t\t\t<div class=\"gv-grid-col-1-1\">\n\t\t\t\t<div class=\"gv-search-widget-area gv-search-horizontal\"><script>\nvar gform;gform||(document.addEventListener(\"gform_main_scripts_loaded\",function(){gform.scriptsLoaded=!0}),document.addEventListener(\"gform\/theme\/scripts_loaded\",function(){gform.themeScriptsLoaded=!0}),window.addEventListener(\"DOMContentLoaded\",function(){gform.domLoaded=!0}),gform={domLoaded:!1,scriptsLoaded:!1,themeScriptsLoaded:!1,isFormEditor:()=>\"function\"==typeof InitializeEditor,callIfLoaded:function(o){return!(!gform.domLoaded||!gform.scriptsLoaded||!gform.themeScriptsLoaded&&!gform.isFormEditor()||(gform.isFormEditor()&&console.warn(\"The use of gform.initializeOnLoaded() is deprecated in the form editor context and will be removed in Gravity Forms 3.1.\"),o(),0))},initializeOnLoaded:function(o){gform.callIfLoaded(o)||(document.addEventListener(\"gform_main_scripts_loaded\",()=>{gform.scriptsLoaded=!0,gform.callIfLoaded(o)}),document.addEventListener(\"gform\/theme\/scripts_loaded\",()=>{gform.themeScriptsLoaded=!0,gform.callIfLoaded(o)}),window.addEventListener(\"DOMContentLoaded\",()=>{gform.domLoaded=!0,gform.callIfLoaded(o)}))},hooks:{action:{},filter:{}},addAction:function(o,r,e,t){gform.addHook(\"action\",o,r,e,t)},addFilter:function(o,r,e,t){gform.addHook(\"filter\",o,r,e,t)},doAction:function(o){gform.doHook(\"action\",o,arguments)},applyFilters:function(o){return gform.doHook(\"filter\",o,arguments)},removeAction:function(o,r){gform.removeHook(\"action\",o,r)},removeFilter:function(o,r,e){gform.removeHook(\"filter\",o,r,e)},addHook:function(o,r,e,t,n){null==gform.hooks[o][r]&&(gform.hooks[o][r]=[]);var d=gform.hooks[o][r];null==n&&(n=r+\"_\"+d.length),gform.hooks[o][r].push({tag:n,callable:e,priority:t=null==t?10:t})},doHook:function(r,o,e){var t;if(e=Array.prototype.slice.call(e,1),null!=gform.hooks[r][o]&&((o=gform.hooks[r][o]).sort(function(o,r){return o.priority-r.priority}),o.forEach(function(o){\"function\"!=typeof(t=o.callable)&&(t=window[t]),\"action\"==r?t.apply(null,e):e[0]=t.apply(null,e)})),\"filter\"==r)return e[0]},removeHook:function(o,r,t,n){var e;null!=gform.hooks[o][r]&&(e=(e=gform.hooks[o][r]).filter(function(o,r,e){return!!(null!=n&&n!=o.tag||null!=t&&t!=o.priority)}),gform.hooks[o][r]=e)}});\n<\/script>\n\n<div class=\"gv-search-box gv-search-field-text gv-search-field-search_all \">\n    <div class=\"gv-search\">\n\t\t            <label for=\"gv_search_1017\">Search Entries:<\/label>\n\t\t        <p>\n\t\t\t<input type=\"search\" name=\"gv_search\" id=\"gv_search_1017\" value=\"\" placeholder=\"\"\/>        <\/p>\n    <\/div>\n<\/div>\n<\/div>\t\t\t<\/div>\n\t\t\t<\/div>\n\t<div class=\"gv-grid-row\">\n\t\t\t\t\t<div class=\"gv-grid-col-1-2\">\n\t\t\t\t<div class=\"gv-search-widget-area\"><div class=\"gv-search-box gv-search-box-submit \">\n\t<input type=\"submit\" class=\"button gv-search-button\" id=\"gv_search_button_1017\" value=\"Search\"\/><\/div>\n<\/div>\t\t\t<\/div>\n\t\t\t\t\t<div class=\"gv-grid-col-1-2\">\n\t\t\t\t<div class=\"gv-search-widget-area\"><input type=\"hidden\" name=\"mode\" value=\"any\">\n<\/div>\t\t\t<\/div>\n\t\t\t<\/div>\n\t<\/div>\n\n\t\n\t<\/form>\n\t\t\t\t\t<\/div>\n\t\t\t\t\t\t\t\t<\/div>\n\t\t\t\t\t\t\t<div class=\"gv-grid-row\">\n\t\t\t\t\t\t\t\t\t<div class=\"gv-grid-col-1-2 left gv-left\">\n\t\t\t\t\t\t\t\t\t\t\t<\/div>\n\t\t\t\t\t\t\t\t\t<div class=\"gv-grid-col-1-2 right gv-right\">\n\t\t\t\t\t\t\t\t\t\t\t<\/div>\n\t\t\t\t\t\t\t\t<\/div>\n\t\t\t\t\t<\/div>\n\n\t\t<div class=\"gv-list-container gv-list-multiple-container gv-container gv-container-1017 gv-container-no-results\">\n\t\t<div class=\"gv-list-view gv-no-results gv-no-results-text\">\n\t\t<div class=\"gv-list-view-title\">\n\t\t\t<h3><p>No entries match your request.<\/p>\n<\/h3>\n\t\t<\/div>\n\t<\/div>\n\t\t<\/div>\n\t\t<style>\n\t\t\t.fancybox-container {\n\t\t\t\tz-index: 100000; \/** Divi is 99999 *\/\n\t\t\t}\n\n\t\t\t.admin-bar .fancybox-container {\n\t\t\t\tmargin-top: 32px;\n\t\t\t}\n\t\t<\/style>\n\t\t<script>\n\t\t\tif ( window.Fancybox ){\n\t\t\t\tFancybox.bind(\".gravityview-fancybox\", {\"animationEffect\":\"fade\",\"toolbar\":true,\"closeExisting\":true,\"arrows\":true,\"buttons\":[\"thumbs\",\"close\"],\"i18n\":{\"en\":{\"CLOSE\":\"Close\",\"NEXT\":\"Next\",\"PREV\":\"Previous\",\"ERROR\":\"The requested content cannot be loaded. Please try again later.\",\"PLAY_START\":\"Start slideshow\",\"PLAY_STOP\":\"Pause slideshow\",\"FULL_SCREEN\":\"Full screen\",\"THUMBS\":\"Thumbnails\",\"DOWNLOAD\":\"Download\",\"SHARE\":\"Share\",\"ZOOM\":\"Zoom\"}}});\n\t\t\t}\n\t\t<\/script>\n\t\t\t\t<div class=\"gv-grid gv-widgets-footer gv-widgets-no-results\">\n\t\t\t\t\t\t\t<div class=\"gv-grid-row\">\n\t\t\t\t\t\t\t\t\t<div class=\"gv-grid-col-1-2 left gv-left\">\n\t\t\t\t\t\t\t\t\t\t\t<\/div>\n\t\t\t\t\t\t\t\t\t<div class=\"gv-grid-col-1-2 right gv-right\">\n\t\t\t\t\t\t\t\t\t\t\t<\/div>\n\t\t\t\t\t\t\t\t<\/div>\n\t\t\t\t\t<\/div>\n\n\t\t<input type=\"hidden\" class=\"gravityview-view-id\" value=\"1017\"><\/div><\/div>\n\t\t\t\t\t\t<\/div>\n\t\t\t\t<\/div>\n\t\t\t\t\t<\/div>\n\t\t<\/div>\n\t\t\t\t\t<\/div>\n\t\t<\/section>\n\t\t\t\t<\/div>\n\t\t","protected":false},"excerpt":{"rendered":"<p>Wichtiger Hinweis: Ihr Reiseveranstalter Profil wird nicht angezeigt, weil ein anderer Kollege Inhaber des Profils ist. Sofern Sie die Daten f\u00fcr Ihren Reiseveranstalter modifizieren m\u00f6chten, bitten Sie den Inhaber des Eintrages die Modifikation durch zu f\u00fchren. \u00a0 Bei Problemen wenden Sie sich bitte an die Systemadministratoren von Green Travel Check.<\/p>","protected":false},"author":1,"featured_media":0,"parent":0,"menu_order":0,"comment_status":"closed","ping_status":"closed","template":"","meta":{"_acf_changed":false,"footnotes":""},"class_list":["post-1019","page","type-page","status-publish","hentry"],"acf":[],"_links":{"self":[{"href":"https:\/\/green-travel-check.com\/en\/wp-json\/wp\/v2\/pages\/1019","targetHints":{"allow":["GET"]}}],"collection":[{"href":"https:\/\/green-travel-check.com\/en\/wp-json\/wp\/v2\/pages"}],"about":[{"href":"https:\/\/green-travel-check.com\/en\/wp-json\/wp\/v2\/types\/page"}],"author":[{"embeddable":true,"href":"https:\/\/green-travel-check.com\/en\/wp-json\/wp\/v2\/users\/1"}],"replies":[{"embeddable":true,"href":"https:\/\/green-travel-check.com\/en\/wp-json\/wp\/v2\/comments?post=1019"}],"version-history":[{"count":22,"href":"https:\/\/green-travel-check.com\/en\/wp-json\/wp\/v2\/pages\/1019\/revisions"}],"predecessor-version":[{"id":1046,"href":"https:\/\/green-travel-check.com\/en\/wp-json\/wp\/v2\/pages\/1019\/revisions\/1046"}],"wp:attachment":[{"href":"https:\/\/green-travel-check.com\/en\/wp-json\/wp\/v2\/media?parent=1019"}],"curies":[{"name":"wp","href":"https:\/\/api.w.org\/{rel}","templated":true}]}}